{"id":589,"date":"2025-05-03T09:32:12","date_gmt":"2025-05-03T09:32:12","guid":{"rendered":"https:\/\/meridian-group.eu\/?page_id=589"},"modified":"2025-05-05T15:07:09","modified_gmt":"2025-05-05T15:07:09","slug":"advisoring","status":"publish","type":"page","link":"https:\/\/meridian-group.eu\/en\/advisoring\/","title":{"rendered":"Advisory Service"},"content":{"rendered":"<div data-elementor-type=\"wp-page\" data-elementor-id=\"589\" class=\"elementor elementor-589\" data-elementor-post-type=\"page\">\n\t\t\t\t<div class=\"elementor-element elementor-element-2bc22b68 e-flex e-con-boxed e-con e-parent\" data-id=\"2bc22b68\" data-element_type=\"container\" data-e-type=\"container\">\n\t\t\t\t\t<div class=\"e-con-inner\">\n\t\t<div class=\"elementor-element elementor-element-6f4246d2 e-con-full e-flex e-con e-child\" data-id=\"6f4246d2\" data-element_type=\"container\" data-e-type=\"container\">\n\t\t<div class=\"elementor-element elementor-element-19a65ace e-con-full e-flex e-con e-child\" data-id=\"19a65ace\" data-element_type=\"container\" data-e-type=\"container\" data-settings=\"{&quot;background_background&quot;:&quot;classic&quot;}\">\n\t\t\t\t<div class=\"elementor-element elementor-element-6ff58ccb elementor-widget elementor-widget-text-editor\" data-id=\"6ff58ccb\" data-element_type=\"widget\" data-e-type=\"widget\" data-widget_type=\"text-editor.default\">\n\t\t\t\t<div class=\"elementor-widget-container\">\n\t\t\t\t\t\t\t\t\t<p>The Advisory service is designed for complex organizations, critical infrastructures, regulated enterprises, or rapidly evolving environments that require expert guidance to structure or strengthen their cybersecurity strategy.<br data-start=\"2221\" data-end=\"2224\" \/>It plays a strategic role by helping avoid fragmented approaches, anticipate regulatory requirements, optimize investments, and strengthen alignment between security, compliance, and executive leadership.<\/p>\t\t\t\t\t\t\t\t<\/div>\n\t\t\t\t<\/div>\n\t\t\t\t<div class=\"elementor-element elementor-element-e92c1b4 elementor-widget elementor-widget-text-editor\" data-id=\"e92c1b4\" data-element_type=\"widget\" data-e-type=\"widget\" data-widget_type=\"text-editor.default\">\n\t\t\t\t<div class=\"elementor-widget-container\">\n\t\t\t\t\t\t\t\t\t<p>The Advisory service can be activated as an ongoing engagement or a project-based initiative, depending on the organization\u2019s specific needs.<br data-start=\"1531\" data-end=\"1534\" \/>The service is delivered through a \u201cstrategic partnership\u201d model, including regular meetings, posture analysis, technical assessments, and documentation support.<\/p>\t\t\t\t\t\t\t\t<\/div>\n\t\t\t\t<\/div>\n\t\t\t\t<\/div>\n\t\t\t\t<\/div>\n\t\t<div class=\"elementor-element elementor-element-50605db2 e-con-full e-flex e-con e-child\" data-id=\"50605db2\" data-element_type=\"container\" data-e-type=\"container\">\n\t\t\t\t<div class=\"elementor-element elementor-element-7b5fd707 elementor-widget elementor-widget-image\" data-id=\"7b5fd707\" data-element_type=\"widget\" data-e-type=\"widget\" data-widget_type=\"image.default\">\n\t\t\t\t<div class=\"elementor-widget-container\">\n\t\t\t\t\t\t\t\t\t\t\t\t\t\t\t<img fetchpriority=\"high\" decoding=\"async\" width=\"800\" height=\"534\" src=\"https:\/\/meridian-group.eu\/wp-content\/uploads\/2025\/05\/programmer-hands-on-keyboard-network-security-2024-11-27-13-31-48-utc-1024x684.jpg\" class=\"attachment-large size-large wp-image-148\" alt=\"\" srcset=\"https:\/\/meridian-group.eu\/wp-content\/uploads\/2025\/05\/programmer-hands-on-keyboard-network-security-2024-11-27-13-31-48-utc-1024x684.jpg 1024w, https:\/\/meridian-group.eu\/wp-content\/uploads\/2025\/05\/programmer-hands-on-keyboard-network-security-2024-11-27-13-31-48-utc-300x200.jpg 300w, https:\/\/meridian-group.eu\/wp-content\/uploads\/2025\/05\/programmer-hands-on-keyboard-network-security-2024-11-27-13-31-48-utc-768x513.jpg 768w, https:\/\/meridian-group.eu\/wp-content\/uploads\/2025\/05\/programmer-hands-on-keyboard-network-security-2024-11-27-13-31-48-utc-1536x1025.jpg 1536w, https:\/\/meridian-group.eu\/wp-content\/uploads\/2025\/05\/programmer-hands-on-keyboard-network-security-2024-11-27-13-31-48-utc-2048x1367.jpg 2048w\" sizes=\"(max-width: 800px) 100vw, 800px\" \/>\t\t\t\t\t\t\t\t\t\t\t\t\t\t\t<\/div>\n\t\t\t\t<\/div>\n\t\t\t\t<div class=\"elementor-element elementor-element-66e5c69a elementor-widget elementor-widget-heading\" data-id=\"66e5c69a\" data-element_type=\"widget\" data-e-type=\"widget\" data-widget_type=\"heading.default\">\n\t\t\t\t<div class=\"elementor-widget-container\">\n\t\t\t\t\t<h3 class=\"elementor-heading-title elementor-size-default\">Strategic and operational guidance for a cybersecurity strategy aligned with your business.<\/h3>\t\t\t\t<\/div>\n\t\t\t\t<\/div>\n\t\t\t\t<div class=\"elementor-element elementor-element-98c7043 elementor-widget-divider--view-line elementor-widget elementor-widget-divider\" data-id=\"98c7043\" data-element_type=\"widget\" data-e-type=\"widget\" data-widget_type=\"divider.default\">\n\t\t\t\t<div class=\"elementor-widget-container\">\n\t\t\t\t\t\t\t<div class=\"elementor-divider\">\n\t\t\t<span class=\"elementor-divider-separator\">\n\t\t\t\t\t\t<\/span>\n\t\t<\/div>\n\t\t\t\t\t\t<\/div>\n\t\t\t\t<\/div>\n\t\t\t\t<div class=\"elementor-element elementor-element-33d4db01 elementor-widget elementor-widget-text-editor\" data-id=\"33d4db01\" data-element_type=\"widget\" data-e-type=\"widget\" data-widget_type=\"text-editor.default\">\n\t\t\t\t<div class=\"elementor-widget-container\">\n\t\t\t\t\t\t\t\t\t<p>Meridian's Advisoring is a high value-added service that supports organizations in the design, development, and maturation of their digital security strategy.<br data-start=\"553\" data-end=\"556\" \/>More than just an external support, it represents a constant and integrated presence alongside corporate executives, CISOs, IT teams, and compliance officers. The goal is to align cybersecurity with business objectives, support risk governance, strengthen defenses with a preventive approach, and facilitate decision-making during critical moments.<\/p>\t\t\t\t\t\t\t\t<\/div>\n\t\t\t\t<\/div>\n\t\t\t\t<\/div>\n\t\t\t\t\t<\/div>\n\t\t\t\t<\/div>\n\t\t\t\t<\/div>","protected":false},"excerpt":{"rendered":"<p>Il servizio di Advisoring \u00e8 rivolto a organizzazioni complesse, infrastrutture critiche, aziende regolamentate o realt\u00e0 in rapida evoluzione che necessitano di una guida esperta per strutturare o consolidare la propria cybersecurity.\u00c8 strategico perch\u00e9 consente di evitare approcci frammentati, anticipare requisiti normativi, ottimizzare investimenti e rafforzare il dialogo tra sicurezza, compliance e direzione generale. Il servizio [&hellip;]<\/p>\n","protected":false},"author":1,"featured_media":0,"parent":0,"menu_order":0,"comment_status":"closed","ping_status":"closed","template":"elementor_header_footer","meta":{"footnotes":""},"class_list":["post-589","page","type-page","status-publish","hentry"],"_links":{"self":[{"href":"https:\/\/meridian-group.eu\/en\/wp-json\/wp\/v2\/pages\/589","targetHints":{"allow":["GET"]}}],"collection":[{"href":"https:\/\/meridian-group.eu\/en\/wp-json\/wp\/v2\/pages"}],"about":[{"href":"https:\/\/meridian-group.eu\/en\/wp-json\/wp\/v2\/types\/page"}],"author":[{"embeddable":true,"href":"https:\/\/meridian-group.eu\/en\/wp-json\/wp\/v2\/users\/1"}],"replies":[{"embeddable":true,"href":"https:\/\/meridian-group.eu\/en\/wp-json\/wp\/v2\/comments?post=589"}],"version-history":[{"count":25,"href":"https:\/\/meridian-group.eu\/en\/wp-json\/wp\/v2\/pages\/589\/revisions"}],"predecessor-version":[{"id":984,"href":"https:\/\/meridian-group.eu\/en\/wp-json\/wp\/v2\/pages\/589\/revisions\/984"}],"wp:attachment":[{"href":"https:\/\/meridian-group.eu\/en\/wp-json\/wp\/v2\/media?parent=589"}],"curies":[{"name":"wp","href":"https:\/\/api.w.org\/{rel}","templated":true}]}}